{"id":16,"date":"2026-02-24T04:07:18","date_gmt":"2026-02-24T04:07:18","guid":{"rendered":"https:\/\/agalin.mojweb.com.hr\/index.php\/home\/"},"modified":"2026-02-25T18:55:20","modified_gmt":"2026-02-25T18:55:20","slug":"home","status":"publish","type":"page","link":"https:\/\/agalin.mojweb.com.hr\/","title":{"rendered":"Home"},"content":{"rendered":"\n<div class=\"wp-block-cover is-light hestia-clear-top-padding\"><span aria-hidden=\"true\" class=\"wp-block-cover__background has-white-background-color has-background-dim-100 has-background-dim\"><\/span><div class=\"wp-block-cover__inner-container is-layout-flow wp-block-cover-is-layout-flow\">\n<h2 class=\"wp-block-heading has-text-align-center has-text-color\" style=\"color:#3c4858\">Za\u0161to odabrati Fire Body?<\/h2>\n\n\n\n<p class=\"has-text-align-center has-text-color has-link-color wp-elements-fdb27f5f40614c1fa16083009db7ffb8\" style=\"color:#3c4858\">Fire Body tretmani aktiviraju tvoje tijelo iznutra koriste\u0107i infracrvenu toplinu i limfnu drena\u017eu. U samo 30 minuta posti\u017ee\u0161 u\u010dinak usporediv s vi\u0161esatnim treningom \u2013 bez znojenja, bez iscrpljenosti, ali s vidljivim rezultatima.<\/p>\n\n\n\n<div style=\"height:40px\" aria-hidden=\"true\" class=\"wp-block-spacer\"><\/div>\n\n\n\n<div class=\"wp-block-columns container is-layout-flex wp-container-core-columns-is-layout-28f84493 wp-block-columns-is-layout-flex\">\n<div class=\"wp-block-column is-vertically-aligned-top is-layout-flow wp-block-column-is-layout-flow\"><div class=\"wp-block-image is-style-default\">\n<figure class=\"aligncenter size-large\"><img decoding=\"async\" src=\"https:\/\/agalin.mojweb.com.hr\/wp-content\/themes\/hestia\/assets\/img\/feat1.png\" alt=\"\" class=\"wp-image-70\"\/><\/figure>\n<\/div>\n\n\n<h5 class=\"wp-block-heading has-text-align-center has-text-color\" style=\"color:#3c4858;font-size:18px\">Brzi rezultati bez stresa<\/h5>\n\n\n\n<p class=\"has-text-align-center has-text-color has-link-color wp-elements-6c1c427ccc8d57c3a08453d86c5073fd\" style=\"color:#999999;font-size:16px\">Na\u0161i tretmani aktiviraju mi\u0161i\u0107e, poti\u010du cirkulaciju i ubrzavaju metabolizam \u2013 sve to dok vi le\u017eite i opu\u0161tate se. Promjene se vide i osje\u0107aju ve\u0107 nakon nekoliko dolazaka.<\/p>\n\n\n\n<div style=\"height:25px\" aria-hidden=\"true\" class=\"wp-block-spacer\"><\/div>\n<\/div>\n\n\n\n<div class=\"wp-block-column is-vertically-aligned-top is-layout-flow wp-block-column-is-layout-flow\"><div class=\"wp-block-image\">\n<figure class=\"aligncenter size-large\"><img decoding=\"async\" src=\"https:\/\/agalin.mojweb.com.hr\/wp-content\/themes\/hestia\/assets\/img\/feat2.png\" alt=\"\" class=\"wp-image-71\"\/><\/figure>\n<\/div>\n\n\n<h5 class=\"wp-block-heading has-text-align-center has-text-color\" style=\"color:#3c4858;font-size:18px\">Rezultati bez gubitka vremena<\/h5>\n\n\n\n<p class=\"has-text-align-center has-text-color\" style=\"color:#999999;font-size:16px\">Tretmani traju samo 30 minuta \u2013 dovoljno kratko da stane u pauzu, a dovoljno sna\u017eno da pokrene tvoje tijelo.<\/p>\n\n\n\n<div style=\"height:25px\" aria-hidden=\"true\" class=\"wp-block-spacer\"><\/div>\n<\/div>\n\n\n\n<div class=\"wp-block-column is-vertically-aligned-top is-layout-flow wp-block-column-is-layout-flow\"><div class=\"wp-block-image\">\n<figure class=\"aligncenter size-large\"><img decoding=\"async\" src=\"https:\/\/agalin.mojweb.com.hr\/wp-content\/themes\/hestia\/assets\/img\/feat3.png\" alt=\"\" class=\"wp-image-72\"\/><\/figure>\n<\/div>\n\n\n<h5 class=\"wp-block-heading has-text-align-center has-text-color\" style=\"color:#3c4858;font-size:18px\">Ugodan tretman, vidljivi rezultati<\/h5>\n\n\n\n<p class=\"has-text-align-center has-text-color\" style=\"color:#999999;font-size:16px\">Bez boli, bez napora \u2013 samo osje\u0107aj lako\u0107e, topline i revitalizacije.<\/p>\n\n\n\n<div style=\"height:25px\" aria-hidden=\"true\" class=\"wp-block-spacer\"><\/div>\n<\/div>\n<\/div>\n\n\n\n<h2 class=\"wp-block-heading has-text-align-center has-text-color\" style=\"color:#3c4858\">Kako ti Fire Body mo\u017ee pomo\u0107i?<\/h2>\n\n\n\n<p class=\"has-text-align-center has-text-color has-link-color wp-elements-5b7e269b0211d844d053b98a63b54d87\" style=\"color:#3c4858\">Fire Body tretmani kombiniraju toplinu, lagani pritisak i pokret kako bi aktivirali metabolizam, potaknuli detoksikaciju i pobolj\u0161ali cirkulaciju. Nema\u0161 kondicije? Nema problema. Tretmani su nje\u017eni, ali u\u010dinkoviti \u2013 za svakoga. Bez napora, bez stresa. Samo opu\u0161tanje i rezultati.<\/p>\n\n\n\n<p class=\"has-text-align-left has-text-color has-link-color wp-elements-df868cbd9befe5efbe6791a2edfbfff3\" style=\"color:#3c4858\">Tijekom tretmana:<\/p>\n\n\n\n<blockquote class=\"wp-block-quote has-text-align-left is-layout-flow wp-block-quote-is-layout-flow\">\n<ul class=\"wp-block-list\">\n<li class=\"has-text-color has-link-color wp-elements-136d87ab567bb539ca18c5f3d0ec0be1\" style=\"color:#3c4858\">tijelo izbacuje vi\u0161ak vode i toksina<\/li>\n\n\n\n<li class=\"has-text-color has-link-color wp-elements-8af6cf954edfa85d28fc49b0e5114a26\" style=\"color:#3c4858\">masno\u0107e se sagorijevaju br\u017ee<\/li>\n\n\n\n<li class=\"has-text-color has-link-color wp-elements-05358564e0588d734550c3d0180712ac\" style=\"color:#3c4858\">ko\u017ea postaje \u010dvr\u0161\u0107a i gla\u0111a<\/li>\n\n\n\n<li class=\"has-text-color has-link-color wp-elements-e24d413ba75107f41ce528a47669c081\" style=\"color:#3c4858\">mi\u0161i\u0107i se opu\u0161taju<\/li>\n\n\n\n<li class=\"has-text-color has-link-color wp-elements-fd11c069a52f2e282e6c0949af547229\" style=\"color:#3c4858\">razina energije i samopouzdanja raste<\/li>\n<\/ul>\n<\/blockquote>\n\n\n\n<div style=\"height:40px\" aria-hidden=\"true\" class=\"wp-block-spacer\"><\/div>\n<\/div><\/div>\n\n\n\n<div class=\"wp-block-columns container is-layout-flex wp-container-core-columns-is-layout-28f84493 wp-block-columns-is-layout-flex\">\n<div class=\"wp-block-column col-md-5 is-layout-flow wp-block-column-is-layout-flow\">\n<div style=\"height:55px\" aria-hidden=\"true\" class=\"wp-block-spacer\"><\/div>\n\n\n\n<h2 class=\"wp-block-heading\">About Hestia<\/h2>\n\n\n\n<p>Need more details? Please check our full documentation for detailed information on how to use Hestia.<\/p>\n<\/div>\n\n\n\n<div class=\"wp-block-column col-md-6 col-md-offset1 is-layout-flow wp-block-column-is-layout-flow\">\n<div style=\"height:55px\" aria-hidden=\"true\" class=\"wp-block-spacer\"><\/div>\n\n\n\n<figure class=\"wp-block-image size-large\"><img decoding=\"async\" src=\"https:\/\/agalin.mojweb.com.hr\/wp-content\/themes\/hestia\/assets\/img\/about-content.png\" alt=\"\" class=\"wp-image-81\"\/><\/figure>\n\n\n\n<p><\/p>\n<\/div>\n<\/div>\n","protected":false},"excerpt":{"rendered":"<p>About Hestia Need more details? Please check our full documentation for detailed information on how to use Hestia.<\/p>\n","protected":false},"author":1,"featured_media":0,"parent":0,"menu_order":0,"comment_status":"closed","ping_status":"closed","template":"","meta":{"footnotes":""},"class_list":["post-16","page","type-page","status-publish","hentry"],"yoast_head":"<!-- This site is optimized with the Yoast SEO plugin v27.0 - https:\/\/yoast.com\/product\/yoast-seo-wordpress\/ -->\n<title>Home - My Company<\/title>\n<meta name=\"robots\" content=\"index, follow, max-snippet:-1, max-image-preview:large, max-video-preview:-1\" \/>\n<link rel=\"canonical\" href=\"https:\/\/agalin.mojweb.com.hr\/\" \/>\n<meta property=\"og:locale\" content=\"en_US\" \/>\n<meta property=\"og:type\" content=\"article\" \/>\n<meta property=\"og:title\" content=\"Home - My Company\" \/>\n<meta property=\"og:description\" content=\"About Hestia Need more details? Please check our full documentation for detailed information on how to use Hestia.\" \/>\n<meta property=\"og:url\" content=\"https:\/\/agalin.mojweb.com.hr\/\" \/>\n<meta property=\"og:site_name\" content=\"My Company\" \/>\n<meta property=\"article:modified_time\" content=\"2026-02-25T18:55:20+00:00\" \/>\n<meta name=\"twitter:card\" content=\"summary_large_image\" \/>\n<meta name=\"twitter:label1\" content=\"Est. reading time\" \/>\n\t<meta name=\"twitter:data1\" content=\"2 minutes\" \/>\n<script type=\"application\/ld+json\" class=\"yoast-schema-graph\">{\"@context\":\"https:\/\/schema.org\",\"@graph\":[{\"@type\":\"WebPage\",\"@id\":\"https:\/\/agalin.mojweb.com.hr\/\",\"url\":\"https:\/\/agalin.mojweb.com.hr\/\",\"name\":\"Home - My Company\",\"isPartOf\":{\"@id\":\"https:\/\/agalin.mojweb.com.hr\/#website\"},\"primaryImageOfPage\":{\"@id\":\"https:\/\/agalin.mojweb.com.hr\/#primaryimage\"},\"image\":{\"@id\":\"https:\/\/agalin.mojweb.com.hr\/#primaryimage\"},\"thumbnailUrl\":\"https:\/\/agalin.mojweb.com.hr\/wp-content\/themes\/hestia\/assets\/img\/feat1.png\",\"datePublished\":\"2026-02-24T04:07:18+00:00\",\"dateModified\":\"2026-02-25T18:55:20+00:00\",\"breadcrumb\":{\"@id\":\"https:\/\/agalin.mojweb.com.hr\/#breadcrumb\"},\"inLanguage\":\"en-US\",\"potentialAction\":[{\"@type\":\"ReadAction\",\"target\":[\"https:\/\/agalin.mojweb.com.hr\/\"]}]},{\"@type\":\"ImageObject\",\"inLanguage\":\"en-US\",\"@id\":\"https:\/\/agalin.mojweb.com.hr\/#primaryimage\",\"url\":\"\",\"contentUrl\":\"\"},{\"@type\":\"BreadcrumbList\",\"@id\":\"https:\/\/agalin.mojweb.com.hr\/#breadcrumb\",\"itemListElement\":[{\"@type\":\"ListItem\",\"position\":1,\"name\":\"Home\",\"item\":\"https:\/\/agalin.mojweb.com.hr\/\"},{\"@type\":\"ListItem\",\"position\":2,\"name\":\"Home\"}]},{\"@type\":\"WebSite\",\"@id\":\"https:\/\/agalin.mojweb.com.hr\/#website\",\"url\":\"https:\/\/agalin.mojweb.com.hr\/\",\"name\":\"My Company\",\"description\":\"\",\"publisher\":{\"@id\":\"https:\/\/agalin.mojweb.com.hr\/#organization\"},\"potentialAction\":[{\"@type\":\"SearchAction\",\"target\":{\"@type\":\"EntryPoint\",\"urlTemplate\":\"https:\/\/agalin.mojweb.com.hr\/?s={search_term_string}\"},\"query-input\":{\"@type\":\"PropertyValueSpecification\",\"valueRequired\":true,\"valueName\":\"search_term_string\"}}],\"inLanguage\":\"en-US\"},{\"@type\":\"Organization\",\"@id\":\"https:\/\/agalin.mojweb.com.hr\/#organization\",\"name\":\"My Company\",\"url\":\"https:\/\/agalin.mojweb.com.hr\/\",\"logo\":{\"@type\":\"ImageObject\",\"inLanguage\":\"en-US\",\"@id\":\"https:\/\/agalin.mojweb.com.hr\/#\/schema\/logo\/image\/\",\"url\":\"https:\/\/agalin.mojweb.com.hr\/wp-content\/uploads\/2026\/02\/LOGO.png\",\"contentUrl\":\"https:\/\/agalin.mojweb.com.hr\/wp-content\/uploads\/2026\/02\/LOGO.png\",\"width\":225,\"height\":221,\"caption\":\"My Company\"},\"image\":{\"@id\":\"https:\/\/agalin.mojweb.com.hr\/#\/schema\/logo\/image\/\"}}]}<\/script>\n<!-- \/ Yoast SEO plugin. -->","yoast_head_json":{"title":"Home - My Company","robots":{"index":"index","follow":"follow","max-snippet":"max-snippet:-1","max-image-preview":"max-image-preview:large","max-video-preview":"max-video-preview:-1"},"canonical":"https:\/\/agalin.mojweb.com.hr\/","og_locale":"en_US","og_type":"article","og_title":"Home - My Company","og_description":"About Hestia Need more details? Please check our full documentation for detailed information on how to use Hestia.","og_url":"https:\/\/agalin.mojweb.com.hr\/","og_site_name":"My Company","article_modified_time":"2026-02-25T18:55:20+00:00","twitter_card":"summary_large_image","twitter_misc":{"Est. reading time":"2 minutes"},"schema":{"@context":"https:\/\/schema.org","@graph":[{"@type":"WebPage","@id":"https:\/\/agalin.mojweb.com.hr\/","url":"https:\/\/agalin.mojweb.com.hr\/","name":"Home - My Company","isPartOf":{"@id":"https:\/\/agalin.mojweb.com.hr\/#website"},"primaryImageOfPage":{"@id":"https:\/\/agalin.mojweb.com.hr\/#primaryimage"},"image":{"@id":"https:\/\/agalin.mojweb.com.hr\/#primaryimage"},"thumbnailUrl":"https:\/\/agalin.mojweb.com.hr\/wp-content\/themes\/hestia\/assets\/img\/feat1.png","datePublished":"2026-02-24T04:07:18+00:00","dateModified":"2026-02-25T18:55:20+00:00","breadcrumb":{"@id":"https:\/\/agalin.mojweb.com.hr\/#breadcrumb"},"inLanguage":"en-US","potentialAction":[{"@type":"ReadAction","target":["https:\/\/agalin.mojweb.com.hr\/"]}]},{"@type":"ImageObject","inLanguage":"en-US","@id":"https:\/\/agalin.mojweb.com.hr\/#primaryimage","url":"","contentUrl":""},{"@type":"BreadcrumbList","@id":"https:\/\/agalin.mojweb.com.hr\/#breadcrumb","itemListElement":[{"@type":"ListItem","position":1,"name":"Home","item":"https:\/\/agalin.mojweb.com.hr\/"},{"@type":"ListItem","position":2,"name":"Home"}]},{"@type":"WebSite","@id":"https:\/\/agalin.mojweb.com.hr\/#website","url":"https:\/\/agalin.mojweb.com.hr\/","name":"My Company","description":"","publisher":{"@id":"https:\/\/agalin.mojweb.com.hr\/#organization"},"potentialAction":[{"@type":"SearchAction","target":{"@type":"EntryPoint","urlTemplate":"https:\/\/agalin.mojweb.com.hr\/?s={search_term_string}"},"query-input":{"@type":"PropertyValueSpecification","valueRequired":true,"valueName":"search_term_string"}}],"inLanguage":"en-US"},{"@type":"Organization","@id":"https:\/\/agalin.mojweb.com.hr\/#organization","name":"My Company","url":"https:\/\/agalin.mojweb.com.hr\/","logo":{"@type":"ImageObject","inLanguage":"en-US","@id":"https:\/\/agalin.mojweb.com.hr\/#\/schema\/logo\/image\/","url":"https:\/\/agalin.mojweb.com.hr\/wp-content\/uploads\/2026\/02\/LOGO.png","contentUrl":"https:\/\/agalin.mojweb.com.hr\/wp-content\/uploads\/2026\/02\/LOGO.png","width":225,"height":221,"caption":"My Company"},"image":{"@id":"https:\/\/agalin.mojweb.com.hr\/#\/schema\/logo\/image\/"}}]}},"_links":{"self":[{"href":"https:\/\/agalin.mojweb.com.hr\/index.php\/wp-json\/wp\/v2\/pages\/16","targetHints":{"allow":["GET"]}}],"collection":[{"href":"https:\/\/agalin.mojweb.com.hr\/index.php\/wp-json\/wp\/v2\/pages"}],"about":[{"href":"https:\/\/agalin.mojweb.com.hr\/index.php\/wp-json\/wp\/v2\/types\/page"}],"author":[{"embeddable":true,"href":"https:\/\/agalin.mojweb.com.hr\/index.php\/wp-json\/wp\/v2\/users\/1"}],"replies":[{"embeddable":true,"href":"https:\/\/agalin.mojweb.com.hr\/index.php\/wp-json\/wp\/v2\/comments?post=16"}],"version-history":[{"count":13,"href":"https:\/\/agalin.mojweb.com.hr\/index.php\/wp-json\/wp\/v2\/pages\/16\/revisions"}],"predecessor-version":[{"id":55,"href":"https:\/\/agalin.mojweb.com.hr\/index.php\/wp-json\/wp\/v2\/pages\/16\/revisions\/55"}],"wp:attachment":[{"href":"https:\/\/agalin.mojweb.com.hr\/index.php\/wp-json\/wp\/v2\/media?parent=16"}],"curies":[{"name":"wp","href":"https:\/\/api.w.org\/{rel}","templated":true}]}}